{"id":15783,"date":"2025-10-15T07:58:54","date_gmt":"2025-10-15T07:58:54","guid":{"rendered":"http:\/\/bamixbe.wwwnl1-tr100.supercp.com\/?page_id=15783"},"modified":"2025-10-15T07:58:54","modified_gmt":"2025-10-15T07:58:54","slug":"bamix-garantie","status":"publish","type":"page","link":"https:\/\/bamix.be\/fr\/bamix-garantie\/","title":{"rendered":"bamix\u00ae garantie"},"content":{"rendered":"<section class=\"wpb-content-wrapper\"><p>[vc_row][vc_column][vc_single_image image=\u00a0\u00bb15774&Prime; img_size=\u00a0\u00bblarge\u00a0\u00bb][\/vc_column][\/vc_row][vc_row][vc_column][vc_column_text]<\/p>\n<h1>bamix\u00ae \u2014 La puissance suisse pour la vie<\/h1>\n<p>Les bamix\u00ae Swissline et Superbox sont de v\u00e9ritables classiques : puissants, polyvalents et con\u00e7us pour durer toute une vie. Et cette fois, ce n&rsquo;est pas qu&rsquo;une fa\u00e7on de parler !<\/p>\n<p>Achetes l&rsquo;un de ces mod\u00e8les entre le 15 octobre et le 31 d\u00e9cembre 2025, enregistrez votre appareil en ligne et b\u00e9n\u00e9ficiez d&rsquo;une garantie \u00e0 vie.[\/vc_column_text][\/vc_column][\/vc_row][vc_row][vc_column][vc_empty_space][\/vc_column][\/vc_row][vc_row][vc_column width=\u00a0\u00bb1\/2&Prime;][vc_column_text]<\/p>\n<h2>bamix\u00ae SwissLine<\/h2>\n<p>[\/vc_column_text][vc_single_image image=\u00a0\u00bb15250&Prime; img_size=\u00a0\u00bbmedium\u00a0\u00bb][vc_column_text]<strong>The Swiss Original<\/strong><\/p>\n<p>&nbsp;<\/p>\n<ul>\n<li>Battez, mixez, m\u00e9langez, hachez comme un pro avec ce bamix\u00ae 200W<\/li>\n<li>Deux vitesses puissantes : 12.000 et 17.000 tours\/minute<\/li>\n<li>3 accessoires : couteau \u00e9toile, m\u00e9langeur et disque fouet<\/li>\n<li>Accessoires : moulin processeur, verre doseur 1 L et support avec espace de rangement pratique pour les accessoires<\/li>\n<\/ul>\n<p><span style=\"color: #ff0000;\"><a style=\"color: #ff0000;\" href=\"http:\/\/bamixbe.wwwnl1-tr100.supercp.com\/fr\/product\/swissline-rouge\/\">D\u00e9couvrez le bamix\u00ae SwissLine<\/a><\/span>[\/vc_column_text][\/vc_column][vc_column width=\u00a0\u00bb1\/2&Prime;][vc_column_text]<\/p>\n<h2>bamix\u00ae Superbox<\/h2>\n<p>[\/vc_column_text][vc_single_image image=\u00a0\u00bb14994&Prime; img_size=\u00a0\u00bbmedium\u00a0\u00bb][vc_column_text]<strong>Le pack de puissance complet<\/strong><\/p>\n<p>&nbsp;<\/p>\n<ul>\n<li>Aucune t\u00e2che culinaire n&rsquo;est trop difficile pour ce bamix\u00ae 250W<\/li>\n<li>Avec deux vitesses puissantes : 13.000 et 18.000 tours\/minute<\/li>\n<li>4 accessoires : couteau \u00e9toile, m\u00e9langeur, disque fouet et couteau viande<\/li>\n<li>Accessoires : SliceSy\u00ae avec six accessoires, moulin processeur avec disque \u00e0 poudre, verre doseur 1 L, set de gobelets 400 ml + 600 ml et support avec espace de rangement pour certains accessoires<\/li>\n<\/ul>\n<p><span style=\"color: #ff0000;\"><a style=\"color: #ff0000;\" href=\"http:\/\/bamixbe.wwwnl1-tr100.supercp.com\/fr\/product\/superbox-metallic\/\">D\u00e9couvrez le bamix\u00ae Superbox<\/a><\/span>[\/vc_column_text][\/vc_column][\/vc_row][vc_row][vc_column][vc_empty_space][\/vc_column][\/vc_row][vc_row][vc_column][vc_column_text]<\/p>\n<h2>Optez-vous pour la (garantie \u00e0) vie avec le bamix\u00ae SwissLine ou Superbox ?<\/h2>\n<ol>\n<li>Achetez votre appareil chez nous ou chez l&rsquo;un de nos distributeurs bamix\u00ae entre le 15\/10\/2025 et le 31\/12\/2025 (&#8230;quelqu&rsquo;un a dit \u00ab cadeau de fin d&rsquo;ann\u00e9e id\u00e9al \u00bb ?).<\/li>\n<li>Rendez-vous sur notre <a href=\"\/fr\/garantie-a-vie\">page d&rsquo;enregistrement<\/a>.<\/li>\n<li>Remplissez le formulaire et t\u00e9l\u00e9chargez votre preuve d&rsquo;achat (avant le 15 janvier 2026) pour enregistrer votre appareil bamix\u00ae et b\u00e9n\u00e9ficier d&rsquo;une garantie \u00e0 vie.<\/li>\n<\/ol>\n<p><em>D\u00e9couvrez toutes les conditions de l&rsquo;offre et de la garantie sur la page d&rsquo;enregistrement.<\/em>[\/vc_column_text][\/vc_column][\/vc_row][vc_row][vc_column][vc_btn title=\u00a0\u00bbEnregistrez votre achat bamix\u00ae\u00a0\u00bb style=\u00a0\u00bbclassic\u00a0\u00bb shape=\u00a0\u00bbsquare\u00a0\u00bb color=\u00a0\u00bbblack\u00a0\u00bb size=\u00a0\u00bblg\u00a0\u00bb align=\u00a0\u00bbcenter\u00a0\u00bb link=\u00a0\u00bburl:%2Ffr%2Fgarantie-a-vie|target:_blank\u00a0\u00bb][\/vc_column][\/vc_row]<\/p>\n<\/section>","protected":false},"excerpt":{"rendered":"<p>[vc_row][vc_column][vc_single_image image=\u00a0\u00bb15774&Prime; img_size=\u00a0\u00bblarge\u00a0\u00bb][\/vc_column][\/vc_row][vc_row][vc_column][vc_column_text] bamix\u00ae \u2014 La puissance suisse pour la vie Les bamix\u00ae Swissline et Superbox sont de&#8230; <a class=\"excerpt-read-more\" href=\"https:\/\/bamix.be\/fr\/bamix-garantie\/\"><span>Continue Reading<\/span><\/a><\/p>\n","protected":false},"author":3,"featured_media":0,"parent":0,"menu_order":0,"comment_status":"closed","ping_status":"closed","template":"","meta":{"_et_pb_use_builder":"","_et_pb_old_content":"","_et_gb_content_width":"","_monsterinsights_skip_tracking":false,"_monsterinsights_sitenote_active":false,"_monsterinsights_sitenote_note":"","_monsterinsights_sitenote_category":0},"yoast_head":"<!-- This site is optimized with the Yoast SEO plugin v19.13 - https:\/\/yoast.com\/wordpress\/plugins\/seo\/ -->\n<title>bamix\u00ae garantie - Bamix<\/title>\n<meta name=\"robots\" content=\"index, follow, max-snippet:-1, max-image-preview:large, max-video-preview:-1\" \/>\n<link rel=\"canonical\" href=\"https:\/\/bamix.be\/fr\/bamix-garantie\/\" \/>\n<meta property=\"og:locale\" content=\"fr_FR\" \/>\n<meta property=\"og:type\" content=\"article\" \/>\n<meta property=\"og:title\" content=\"bamix\u00ae garantie - Bamix\" \/>\n<meta property=\"og:description\" content=\"[vc_row][vc_column][vc_single_image image=\u00a0\u00bb15774&Prime; img_size=\u00a0\u00bblarge\u00a0\u00bb][\/vc_column][\/vc_row][vc_row][vc_column][vc_column_text] bamix\u00ae \u2014 La puissance suisse pour la vie Les bamix\u00ae Swissline et Superbox sont de... Continue Reading\" \/>\n<meta property=\"og:url\" content=\"https:\/\/bamix.be\/fr\/bamix-garantie\/\" \/>\n<meta property=\"og:site_name\" content=\"Bamix\" \/>\n<meta property=\"article:publisher\" content=\"http:\/\/www.facebook.com\/bamixbe\" \/>\n<meta name=\"twitter:card\" content=\"summary_large_image\" \/>\n<meta name=\"twitter:label1\" content=\"Dur\u00e9e de lecture estim\u00e9e\" \/>\n\t<meta name=\"twitter:data1\" content=\"2 minutes\" \/>\n<script type=\"application\/ld+json\" class=\"yoast-schema-graph\">{\"@context\":\"https:\/\/schema.org\",\"@graph\":[{\"@type\":\"WebPage\",\"@id\":\"https:\/\/bamix.be\/fr\/bamix-garantie\/\",\"url\":\"https:\/\/bamix.be\/fr\/bamix-garantie\/\",\"name\":\"bamix\u00ae garantie - Bamix\",\"isPartOf\":{\"@id\":\"https:\/\/bamix.be\/#website\"},\"datePublished\":\"2025-10-15T07:58:54+00:00\",\"dateModified\":\"2025-10-15T07:58:54+00:00\",\"breadcrumb\":{\"@id\":\"https:\/\/bamix.be\/fr\/bamix-garantie\/#breadcrumb\"},\"inLanguage\":\"fr-FR\",\"potentialAction\":[{\"@type\":\"ReadAction\",\"target\":[\"https:\/\/bamix.be\/fr\/bamix-garantie\/\"]}]},{\"@type\":\"BreadcrumbList\",\"@id\":\"https:\/\/bamix.be\/fr\/bamix-garantie\/#breadcrumb\",\"itemListElement\":[{\"@type\":\"ListItem\",\"position\":1,\"name\":\"Home\",\"item\":\"https:\/\/bamix.be\/fr\/\"},{\"@type\":\"ListItem\",\"position\":2,\"name\":\"bamix\u00ae garantie\"}]},{\"@type\":\"WebSite\",\"@id\":\"https:\/\/bamix.be\/#website\",\"url\":\"https:\/\/bamix.be\/\",\"name\":\"Bamix\",\"description\":\"Laat je inspireren door de mogelijkheden van dit compacte keukenapparaat.\",\"publisher\":{\"@id\":\"https:\/\/bamix.be\/#organization\"},\"potentialAction\":[{\"@type\":\"SearchAction\",\"target\":{\"@type\":\"EntryPoint\",\"urlTemplate\":\"https:\/\/bamix.be\/?s={search_term_string}\"},\"query-input\":\"required name=search_term_string\"}],\"inLanguage\":\"fr-FR\"},{\"@type\":\"Organization\",\"@id\":\"https:\/\/bamix.be\/#organization\",\"name\":\"Bamix Belgium\",\"url\":\"https:\/\/bamix.be\/\",\"logo\":{\"@type\":\"ImageObject\",\"inLanguage\":\"fr-FR\",\"@id\":\"https:\/\/bamix.be\/#\/schema\/logo\/image\/\",\"url\":\"http:\/\/bamixbe.wwwnl1-tr100.supercp.com\/wp-content\/uploads\/2017\/10\/Logo_Nav_01.png\",\"contentUrl\":\"http:\/\/bamixbe.wwwnl1-tr100.supercp.com\/wp-content\/uploads\/2017\/10\/Logo_Nav_01.png\",\"width\":100,\"height\":48,\"caption\":\"Bamix Belgium\"},\"image\":{\"@id\":\"https:\/\/bamix.be\/#\/schema\/logo\/image\/\"},\"sameAs\":[\"https:\/\/www.instagram.com\/bamixbe\",\"http:\/\/www.facebook.com\/bamixbe\"]}]}<\/script>\n<!-- \/ Yoast SEO plugin. -->","yoast_head_json":{"title":"bamix\u00ae garantie - Bamix","robots":{"index":"index","follow":"follow","max-snippet":"max-snippet:-1","max-image-preview":"max-image-preview:large","max-video-preview":"max-video-preview:-1"},"canonical":"https:\/\/bamix.be\/fr\/bamix-garantie\/","og_locale":"fr_FR","og_type":"article","og_title":"bamix\u00ae garantie - Bamix","og_description":"[vc_row][vc_column][vc_single_image image=\u00a0\u00bb15774&Prime; img_size=\u00a0\u00bblarge\u00a0\u00bb][\/vc_column][\/vc_row][vc_row][vc_column][vc_column_text] bamix\u00ae \u2014 La puissance suisse pour la vie Les bamix\u00ae Swissline et Superbox sont de... Continue Reading","og_url":"https:\/\/bamix.be\/fr\/bamix-garantie\/","og_site_name":"Bamix","article_publisher":"http:\/\/www.facebook.com\/bamixbe","twitter_card":"summary_large_image","twitter_misc":{"Dur\u00e9e de lecture estim\u00e9e":"2 minutes"},"schema":{"@context":"https:\/\/schema.org","@graph":[{"@type":"WebPage","@id":"https:\/\/bamix.be\/fr\/bamix-garantie\/","url":"https:\/\/bamix.be\/fr\/bamix-garantie\/","name":"bamix\u00ae garantie - Bamix","isPartOf":{"@id":"https:\/\/bamix.be\/#website"},"datePublished":"2025-10-15T07:58:54+00:00","dateModified":"2025-10-15T07:58:54+00:00","breadcrumb":{"@id":"https:\/\/bamix.be\/fr\/bamix-garantie\/#breadcrumb"},"inLanguage":"fr-FR","potentialAction":[{"@type":"ReadAction","target":["https:\/\/bamix.be\/fr\/bamix-garantie\/"]}]},{"@type":"BreadcrumbList","@id":"https:\/\/bamix.be\/fr\/bamix-garantie\/#breadcrumb","itemListElement":[{"@type":"ListItem","position":1,"name":"Home","item":"https:\/\/bamix.be\/fr\/"},{"@type":"ListItem","position":2,"name":"bamix\u00ae garantie"}]},{"@type":"WebSite","@id":"https:\/\/bamix.be\/#website","url":"https:\/\/bamix.be\/","name":"Bamix","description":"Laat je inspireren door de mogelijkheden van dit compacte keukenapparaat.","publisher":{"@id":"https:\/\/bamix.be\/#organization"},"potentialAction":[{"@type":"SearchAction","target":{"@type":"EntryPoint","urlTemplate":"https:\/\/bamix.be\/?s={search_term_string}"},"query-input":"required name=search_term_string"}],"inLanguage":"fr-FR"},{"@type":"Organization","@id":"https:\/\/bamix.be\/#organization","name":"Bamix Belgium","url":"https:\/\/bamix.be\/","logo":{"@type":"ImageObject","inLanguage":"fr-FR","@id":"https:\/\/bamix.be\/#\/schema\/logo\/image\/","url":"http:\/\/bamixbe.wwwnl1-tr100.supercp.com\/wp-content\/uploads\/2017\/10\/Logo_Nav_01.png","contentUrl":"http:\/\/bamixbe.wwwnl1-tr100.supercp.com\/wp-content\/uploads\/2017\/10\/Logo_Nav_01.png","width":100,"height":48,"caption":"Bamix Belgium"},"image":{"@id":"https:\/\/bamix.be\/#\/schema\/logo\/image\/"},"sameAs":["https:\/\/www.instagram.com\/bamixbe","http:\/\/www.facebook.com\/bamixbe"]}]}},"_links":{"self":[{"href":"https:\/\/bamix.be\/fr\/wp-json\/wp\/v2\/pages\/15783"}],"collection":[{"href":"https:\/\/bamix.be\/fr\/wp-json\/wp\/v2\/pages"}],"about":[{"href":"https:\/\/bamix.be\/fr\/wp-json\/wp\/v2\/types\/page"}],"author":[{"embeddable":true,"href":"https:\/\/bamix.be\/fr\/wp-json\/wp\/v2\/users\/3"}],"replies":[{"embeddable":true,"href":"https:\/\/bamix.be\/fr\/wp-json\/wp\/v2\/comments?post=15783"}],"version-history":[{"count":2,"href":"https:\/\/bamix.be\/fr\/wp-json\/wp\/v2\/pages\/15783\/revisions"}],"predecessor-version":[{"id":15785,"href":"https:\/\/bamix.be\/fr\/wp-json\/wp\/v2\/pages\/15783\/revisions\/15785"}],"wp:attachment":[{"href":"https:\/\/bamix.be\/fr\/wp-json\/wp\/v2\/media?parent=15783"}],"curies":[{"name":"wp","href":"https:\/\/api.w.org\/{rel}","templated":true}]}}