{"id":7254,"date":"2020-11-26T10:09:01","date_gmt":"2020-11-26T10:09:01","guid":{"rendered":"http:\/\/bamixbe.wwwnl1-tr100.supercp.com\/?page_id=7254"},"modified":"2025-10-20T07:42:08","modified_gmt":"2025-10-20T07:42:08","slug":"garantie-a-vie","status":"publish","type":"page","link":"https:\/\/bamix.be\/fr\/garantie-a-vie\/","title":{"rendered":"Garantie \u00e0 vie 2025"},"content":{"rendered":"<section class=\"wpb-content-wrapper\"><p>[vc_row][vc_column][vc_single_image image=\u00a0\u00bb15774&Prime; img_size=\u00a0\u00bbfull\u00a0\u00bb][\/vc_column][\/vc_row][vc_row][vc_column][vc_column_text]<\/p>\n<h1>bamix\u00ae &#8211; La puissance suisse pour la vie<\/h1>\n<div style=\"height: 1px; width: 30px; background-color: #414141;\"><\/div>\n<div>Les bamix\u00ae SwissLine et bamix\u00ae Superbox sont v\u00e9ritables classiques : puissants, polyvalents et con\u00e7us pour durer toute une vie. Et cette fois, ce n&rsquo;est pas qu&rsquo;une fa\u00e7on de parler !<\/div>\n<div><\/div>\n<div>Achetez l&rsquo;un de ces mod\u00e8les entre le 15 octobre et le 31 d\u00e9cembre 2025, enregistrez votre appareil ci-dessous et b\u00e9n\u00e9ficiez d&rsquo;une garantie \u00e0 vie sur le mixeur. Pas de tracas, juste des ann\u00e9es de plaisir \u00e0 mixer.<\/div>\n<p>[\/vc_column_text]<div class=\"wpcf7 no-js\" id=\"wpcf7-f15692-o1\" lang=\"nl-NL\" dir=\"ltr\">\n<div class=\"screen-reader-response\"><p role=\"status\" aria-live=\"polite\" aria-atomic=\"true\"><\/p> <ul><\/ul><\/div>\n<form action=\"\/fr\/wp-json\/wp\/v2\/pages\/7254#wpcf7-f15692-o1\" method=\"post\" class=\"wpcf7-form init\" aria-label=\"Contactformulier\" enctype=\"multipart\/form-data\" novalidate=\"novalidate\" data-status=\"init\">\n<div style=\"display: none;\">\n<input type=\"hidden\" name=\"_wpcf7\" value=\"15692\" \/>\n<input type=\"hidden\" name=\"_wpcf7_version\" value=\"5.7.1\" \/>\n<input type=\"hidden\" name=\"_wpcf7_locale\" value=\"nl_NL\" \/>\n<input type=\"hidden\" name=\"_wpcf7_unit_tag\" value=\"wpcf7-f15692-o1\" \/>\n<input type=\"hidden\" name=\"_wpcf7_container_post\" value=\"0\" \/>\n<input type=\"hidden\" name=\"_wpcf7_posted_data_hash\" value=\"\" \/>\n<\/div>\n<p><label style=\"color: #000000\"> Pr\u00e9nom<br \/>\n<span class=\"wpcf7-form-control-wrap\" data-name=\"your-name\"><input size=\"40\" class=\"wpcf7-form-control wpcf7-text wpcf7-validates-as-required\" aria-required=\"true\" aria-invalid=\"false\" value=\"\" type=\"text\" name=\"your-name\" \/><\/span> <\/label>\n<\/p>\n<p><label style=\"color: #000000\"> Nom<br \/>\n<span class=\"wpcf7-form-control-wrap\" data-name=\"your-surname\"><input size=\"40\" class=\"wpcf7-form-control wpcf7-text wpcf7-validates-as-required\" aria-required=\"true\" aria-invalid=\"false\" value=\"\" type=\"text\" name=\"your-surname\" \/><\/span> <\/label>\n<\/p>\n<p><label style=\"color: #000000\"> Adresse e-mail<br \/>\n<span class=\"wpcf7-form-control-wrap\" data-name=\"your-email\"><input size=\"40\" class=\"wpcf7-form-control wpcf7-text wpcf7-email wpcf7-validates-as-required wpcf7-validates-as-email\" aria-required=\"true\" aria-invalid=\"false\" value=\"\" type=\"email\" name=\"your-email\" \/><\/span> <\/label>\n<\/p>\n<p><label style=\"color: #000000\"> Num\u00e9ro de t\u00e9l\u00e9phone<br \/>\n<span class=\"wpcf7-form-control-wrap\" data-name=\"telefoonnummer\"><input size=\"40\" class=\"wpcf7-form-control wpcf7-text wpcf7-tel wpcf7-validates-as-required wpcf7-validates-as-tel\" aria-required=\"true\" aria-invalid=\"false\" value=\"\" type=\"tel\" name=\"telefoonnummer\" \/><\/span> <\/label>\n<\/p>\n<p><label style=\"color: #000000\"> Adresse (Rue + num\u00e9ro)<br \/>\n<span class=\"wpcf7-form-control-wrap\" data-name=\"adres\"><input size=\"40\" class=\"wpcf7-form-control wpcf7-text wpcf7-validates-as-required\" aria-required=\"true\" aria-invalid=\"false\" value=\"\" type=\"text\" name=\"adres\" \/><\/span> <\/label>\n<\/p>\n<p><label style=\"color: #000000\"> Code postal<br \/>\n<span class=\"wpcf7-form-control-wrap\" data-name=\"postcode\"><input size=\"40\" class=\"wpcf7-form-control wpcf7-text wpcf7-validates-as-required\" aria-required=\"true\" aria-invalid=\"false\" value=\"\" type=\"text\" name=\"postcode\" \/><\/span> <\/label>\n<\/p>\n<p><label style=\"color: #000000\"> Ville<br \/>\n<span class=\"wpcf7-form-control-wrap\" data-name=\"woonplaats\"><input size=\"40\" class=\"wpcf7-form-control wpcf7-text wpcf7-validates-as-required\" aria-required=\"true\" aria-invalid=\"false\" value=\"\" type=\"text\" name=\"woonplaats\" \/><\/span> <\/label>\n<\/p>\n<p><label style=\"color: #000000\"> Pays<br \/>\n<span class=\"wpcf7-form-control-wrap\" data-name=\"Land\"><select class=\"wpcf7-form-control wpcf7-select wpcf7-validates-as-required\" aria-required=\"true\" aria-invalid=\"false\" name=\"Land\"><option value=\"Belgique\">Belgique<\/option><\/select><\/span> <\/label>\n<\/p>\n<p><label style=\"color: #000000\"> Type de machine<br \/>\n<span class=\"wpcf7-form-control-wrap\" data-name=\"Typetoestel\"><select class=\"wpcf7-form-control wpcf7-select wpcf7-validates-as-required\" aria-required=\"true\" aria-invalid=\"false\" name=\"Typetoestel\"><option value=\"bamix\u00ae SwissLine\">bamix\u00ae SwissLine<\/option><option value=\"bamix\u00ae Superbox\">bamix\u00ae Superbox<\/option><\/select><\/span> <\/label>\n<\/p>\n<p><label style=\"color: #000000\"> Num\u00e9ro de lot (Il s\u2019agit du num\u00e9ro situ\u00e9 juste au-dessus du logo bamix\u00ae, voir la photo en bas de la page.)<br \/>\n<span class=\"wpcf7-form-control-wrap\" data-name=\"Lotnummer\"><input size=\"40\" class=\"wpcf7-form-control wpcf7-text wpcf7-validates-as-required\" aria-required=\"true\" aria-invalid=\"false\" value=\"\" type=\"text\" name=\"Lotnummer\" \/><\/span> <\/label>\n<\/p>\n<p><label style=\"color: #000000\"> T\u00e9l\u00e9chargez une photo du num\u00e9ro de lot<br \/>\n<span class=\"wpcf7-form-control-wrap\" data-name=\"Lotnummerbamix\"><input size=\"40\" class=\"wpcf7-form-control wpcf7-file wpcf7-validates-as-required\" accept=\".pdf,.image\" aria-required=\"true\" aria-invalid=\"false\" type=\"file\" name=\"Lotnummerbamix\" \/><\/span> <\/label>\n<\/p>\n<p><label style=\"color: #000000\"> Date d'achat<br \/>\n<span class=\"wpcf7-form-control-wrap\" data-name=\"Aankoopdatum\"><input class=\"wpcf7-form-control wpcf7-date wpcf7-validates-as-required wpcf7-validates-as-date\" min=\"2025-10-15\" max=\"2025-12-31\" aria-required=\"true\" aria-invalid=\"false\" value=\"\" type=\"date\" name=\"Aankoopdatum\" \/><\/span> <\/label>\n<\/p>\n<p><label style=\"color: #000000\"> O\u00f9 avez-vous achet\u00e9 votre bamix\u00ae ? (point de vente\/revendeur)<br \/>\n<span class=\"wpcf7-form-control-wrap\" data-name=\"Winkelpunt\"><input size=\"40\" class=\"wpcf7-form-control wpcf7-text wpcf7-validates-as-required\" aria-required=\"true\" aria-invalid=\"false\" value=\"\" type=\"text\" name=\"Winkelpunt\" \/><\/span> <\/label>\n<\/p>\n<p><label style=\"color: #000000\"> Province du point de vente<br \/>\n<span class=\"wpcf7-form-control-wrap\" data-name=\"Provincie\"><select class=\"wpcf7-form-control wpcf7-select wpcf7-validates-as-required\" aria-required=\"true\" aria-invalid=\"false\" name=\"Provincie\"><option value=\"Anvers\">Anvers<\/option><option value=\"Limbourg\">Limbourg<\/option><option value=\"Flandre Orientale\">Flandre Orientale<\/option><option value=\"Brabant Flamand\">Brabant Flamand<\/option><option value=\"Flandre Occidentale\">Flandre Occidentale<\/option><option value=\"Bruxelles-Capitale\">Bruxelles-Capitale<\/option><option value=\"Brabant Wallon\">Brabant Wallon<\/option><option value=\"Hainaut\">Hainaut<\/option><option value=\"Li\u00e8ge\">Li\u00e8ge<\/option><option value=\"Luxembourg\">Luxembourg<\/option><option value=\"Namur\">Namur<\/option><\/select><\/span> <\/label>\n<\/p>\n<p><label style=\"color: #000000\"> T\u00e9l\u00e9chargez preuve d'achat<br \/>\n<span class=\"wpcf7-form-control-wrap\" data-name=\"Factuur\"><input size=\"40\" class=\"wpcf7-form-control wpcf7-file wpcf7-validates-as-required\" accept=\".pdf,.image\" aria-required=\"true\" aria-invalid=\"false\" type=\"file\" name=\"Factuur\" \/><\/span> <\/label>\n<\/p>\n<p><label style=\"color: #000000\"> Accord sur les conditions de garantie (voir en bas de cette page)<br \/>\n<span class=\"wpcf7-form-control-wrap\" data-name=\"Garantievoorwaarden\"><span class=\"wpcf7-form-control wpcf7-acceptance\"><span class=\"wpcf7-list-item\"><input type=\"checkbox\" name=\"Garantievoorwaarden\" value=\"1\" aria-invalid=\"false\" \/><\/span><\/span><\/span> <\/label>\n<\/p>\n<p><label style=\"color: #000000\"> Nous pouvons vous contacter \u00e0 cette adresse e-mail au sujet de cette offre.<br \/>\n<span class=\"wpcf7-form-control-wrap\" data-name=\"toestemming\"><span class=\"wpcf7-form-control wpcf7-acceptance optional\"><span class=\"wpcf7-list-item\"><label><input type=\"checkbox\" name=\"toestemming\" value=\"1\" aria-invalid=\"false\" \/><span class=\"wpcf7-list-item-label\">Oui<\/span><\/label><\/span><\/span><\/span> <\/label>\n<\/p>\n<p><label style=\"color: #000000\"> Comment avez-vous entendu parler de cet offre?<br \/>\n<span class=\"wpcf7-form-control-wrap\" data-name=\"Marketing\"><select class=\"wpcf7-form-control wpcf7-select\" aria-invalid=\"false\" name=\"Marketing\"><option value=\"Point de vente\/Revendeur\">Point de vente\/Revendeur<\/option><option value=\"Social Media\">Social Media<\/option><option value=\"Newsletter\">Newsletter<\/option><option value=\"Site web\">Site web<\/option><option value=\"Autre\">Autre<\/option><\/select><\/span> <\/label>\n<\/p>\n<p><label style=\"color: #000000\"> Inscrivez-vous \u00e0 la newsletter bamix\u00ae<br \/>\n<span class=\"wpcf7-form-control-wrap\" data-name=\"Nieuwsbrief\"><span class=\"wpcf7-form-control wpcf7-acceptance optional\"><span class=\"wpcf7-list-item\"><input type=\"checkbox\" name=\"Nieuwsbrief\" value=\"1\" aria-invalid=\"false\" \/><\/span><\/span><\/span> <\/label>\n<\/p>\n<p><input class=\"wpcf7-form-control has-spinner wpcf7-submit\" type=\"submit\" value=\"Envoyer\" \/>\n<\/p><div class=\"wpcf7-response-output\" aria-hidden=\"true\"><\/div><\/form><\/div>[\/vc_column][\/vc_row][vc_row][vc_column width=\u00a0\u00bb1\/2&Prime;][vc_column_text]<\/p>\n<h2>bamix\u00ae SwissLine<\/h2>\n<p>[\/vc_column_text][vc_single_image image=\u00a0\u00bb15250&Prime; img_size=\u00a0\u00bbfull\u00a0\u00bb][vc_column_text]<strong>The Swiss Original<\/strong><\/p>\n<ul>\n<li>200 Watt bamix\u00ae mixeur plongeant\n<ul>\n<li>Vitesse 1: 12.000 t\/min<\/li>\n<li>Vitesse 2: 17.000 t\/min<\/li>\n<\/ul>\n<\/li>\n<li>3 accessoires: couteau \u00e9toile, m\u00e9langeur et disque fouet<\/li>\n<li>Autres accessoires: moulin processeur, verre doseur 1L, statif avec espace de rangement pour accessoires<\/li>\n<\/ul>\n<p>[\/vc_column_text][\/vc_column][vc_column width=\u00a0\u00bb1\/2&Prime;][vc_column_text]<\/p>\n<h2>bamix\u00ae Superbox<\/h2>\n<p>[\/vc_column_text][vc_single_image image=\u00a0\u00bb14925&Prime; img_size=\u00a0\u00bbfull\u00a0\u00bb][vc_column_text]<strong>Le pack puissance complet<\/strong><\/p>\n<ul>\n<li>250 Watt bamix\u00ae mixeur plongeant\n<ul>\n<li>Vitesse 1: 13.000 t\/min<\/li>\n<li>Vitesse 2: 18.000 t\/min<\/li>\n<\/ul>\n<\/li>\n<li>4 accessoires: couteau \u00e9toile, m\u00e9langeur, disque fouet et couteau viande<\/li>\n<li>Autres accessoires: moulin processeur avec disque \u00e0 poudre, verre doseur 1L, set de gobelets 400 ml + 600 ml, SliceSy\u00ae avec 6 accessoires , statif avec espace de rangement pour quelques accessoires<\/li>\n<\/ul>\n<p>[\/vc_column_text][\/vc_column][\/vc_row][vc_row][vc_column][vc_separator][\/vc_column][\/vc_row][vc_row][vc_column][vc_column_text]<\/p>\n<h3>Conditions de l&rsquo;offre<\/h3>\n<p>Inscription possible jusqu&rsquo;au 14\/01\/2026. Garantie \u00e0 vie sur le mixeur plongeant bamix\u00ae apr\u00e8s inscription r\u00e9ussie. Valable uniquement pour les achats effectu\u00e9s aupr\u00e8s de distributeurs bamix\u00ae agr\u00e9\u00e9s aux Pays-Bas et en Belgique et sur les appareils participants.<\/p>\n<h3>Conditions de garantie<\/h3>\n<ol>\n<li>Enregistrement : Le produit doit \u00eatre enregistr\u00e9 en ligne pendant la p\u00e9riode promotionnelle (du 15\/10\/2025 au 14\/01\/2026 inclus). Tout enregistrement effectu\u00e9 en dehors de cette p\u00e9riode ne donne pas droit \u00e0 la prolongation de garantie.<\/li>\n<li>Restrictions : la garantie prolong\u00e9e couvre uniquement les pi\u00e8ces ou les d\u00e9fauts sp\u00e9cifiques mentionn\u00e9s dans les conditions du fabricant. Les frais de transport ou de d\u00e9placement ne sont pas couverts par la garantie.<\/li>\n<li>Utilisation : la garantie s&rsquo;applique uniquement en cas d&rsquo;utilisation normale conform\u00e9ment aux instructions du manuel. Les dommages caus\u00e9s par une mauvaise utilisation, des accidents, une n\u00e9gligence ou des r\u00e9parations effectu\u00e9es par des partenaires de service non agr\u00e9\u00e9s ne sont pas couverts par la garantie.<\/li>\n<li>Preuve d&rsquo;achat : la facture d&rsquo;achat ou le ticket de caisse original, ainsi que la confirmation d&rsquo;enregistrement, doivent \u00eatre conserv\u00e9s et pr\u00e9sent\u00e9s sur demande.<\/li>\n<\/ol>\n<p>[\/vc_column_text][\/vc_column][\/vc_row][vc_row][vc_column][vc_column_text]<\/p>\n<h3>O\u00f9 puis-je trouver le num\u00e9ro de type du bamix\u00ae ?<\/h3>\n<article class=\"text-token-text-primary w-full focus:outline-none [--shadow-height:45px] has-data-writing-block:pointer-events-none has-data-writing-block:-mt-(--shadow-height) has-data-writing-block:pt-(--shadow-height) [&amp;:has([data-writing-block])&gt;*]:pointer-events-auto [content-visibility:auto] supports-[content-visibility:auto]:[contain-intrinsic-size:auto_100lvh] scroll-mt-[calc(var(--header-height)+min(200px,max(70px,20svh)))]\" dir=\"auto\" tabindex=\"-1\" data-turn-id=\"request-68d651e8-ef7c-8326-9ab3-4f137e6896d0-49\" data-testid=\"conversation-turn-132\" data-scroll-anchor=\"true\" data-turn=\"assistant\">\n<div class=\"text-base my-auto mx-auto pb-10 [--thread-content-margin:--spacing(4)] thread-sm:[--thread-content-margin:--spacing(6)] thread-lg:[--thread-content-margin:--spacing(16)] px-(--thread-content-margin)\">\n<div class=\"[--thread-content-max-width:40rem] thread-lg:[--thread-content-max-width:48rem] mx-auto max-w-(--thread-content-max-width) flex-1 group\/turn-messages focus-visible:outline-hidden relative flex w-full min-w-0 flex-col agent-turn\" tabindex=\"-1\">\n<div class=\"flex max-w-full flex-col grow\">\n<div class=\"min-h-8 text-message relative flex w-full flex-col items-end gap-2 text-start break-words whitespace-normal [.text-message+&amp;]:mt-1\" dir=\"auto\" data-message-author-role=\"assistant\" data-message-id=\"86a784df-f822-4682-8841-08dfc694c090\" data-message-model-slug=\"gpt-5\">\n<div class=\"flex w-full flex-col gap-1 empty:hidden first:pt-[1px]\">\n<div class=\"markdown prose dark:prose-invert w-full break-words dark markdown-new-styling\">\n<p data-start=\"52\" data-end=\"160\" data-is-last-node=\"\" data-is-only-node=\"\">Il s\u2019agit du num\u00e9ro situ\u00e9 juste au-dessus du logo bamix\u00ae. Sur la photo, il est indiqu\u00e9 par un encadr\u00e9 jaune.<\/p>\n<\/div>\n<\/div>\n<\/div>\n<\/div>\n<\/div>\n<\/div>\n<\/article>\n<p>[\/vc_column_text][vc_single_image image=\u00a0\u00bb15792&Prime; img_size=\u00a0\u00bblarge\u00a0\u00bb][\/vc_column][\/vc_row]<\/p>\n<\/section>","protected":false},"excerpt":{"rendered":"<p>[vc_row][vc_column][vc_single_image image=\u00a0\u00bb15774&Prime; img_size=\u00a0\u00bbfull\u00a0\u00bb][\/vc_column][\/vc_row][vc_row][vc_column][vc_column_text] bamix\u00ae &#8211; La puissance suisse pour la vie Les bamix\u00ae SwissLine et bamix\u00ae Superbox sont&#8230; <a class=\"excerpt-read-more\" href=\"https:\/\/bamix.be\/fr\/garantie-a-vie\/\"><span>Continue Reading<\/span><\/a><\/p>\n","protected":false},"author":3,"featured_media":0,"parent":0,"menu_order":0,"comment_status":"closed","ping_status":"closed","template":"","meta":{"_et_pb_use_builder":"","_et_pb_old_content":"","_et_gb_content_width":"","_monsterinsights_skip_tracking":false,"_monsterinsights_sitenote_active":false,"_monsterinsights_sitenote_note":"","_monsterinsights_sitenote_category":0},"yoast_head":"<!-- This site is optimized with the Yoast SEO plugin v19.13 - https:\/\/yoast.com\/wordpress\/plugins\/seo\/ -->\n<title>bamix\u00ae Belgique - Profitez d&#039;une garantie \u00e0 vie<\/title>\n<meta name=\"description\" content=\"bamix\u00ae est synonyme de confiance. C&#039;est pourquoi vous b\u00e9n\u00e9ficiez d\u00e9sormais d&#039;une garantie \u00e0 vie \u00e0 l&#039;achat d&#039;un bamix\u00ae SwissLine ou Superbox !\" \/>\n<meta name=\"robots\" content=\"index, follow, max-snippet:-1, max-image-preview:large, max-video-preview:-1\" \/>\n<link rel=\"canonical\" href=\"https:\/\/bamix.be\/fr\/garantie-a-vie\/\" \/>\n<meta property=\"og:locale\" content=\"fr_FR\" \/>\n<meta property=\"og:type\" content=\"article\" \/>\n<meta property=\"og:title\" content=\"bamix\u00ae Belgique - Profitez d&#039;une garantie \u00e0 vie\" \/>\n<meta property=\"og:description\" content=\"bamix\u00ae est synonyme de confiance. C&#039;est pourquoi vous b\u00e9n\u00e9ficiez d\u00e9sormais d&#039;une garantie \u00e0 vie \u00e0 l&#039;achat d&#039;un bamix\u00ae SwissLine ou Superbox !\" \/>\n<meta property=\"og:url\" content=\"https:\/\/bamix.be\/fr\/garantie-a-vie\/\" \/>\n<meta property=\"og:site_name\" content=\"Bamix\" \/>\n<meta property=\"article:publisher\" content=\"http:\/\/www.facebook.com\/bamixbe\" \/>\n<meta property=\"article:modified_time\" content=\"2025-10-20T07:42:08+00:00\" \/>\n<meta name=\"twitter:card\" content=\"summary_large_image\" \/>\n<meta name=\"twitter:label1\" content=\"Dur\u00e9e de lecture estim\u00e9e\" \/>\n\t<meta name=\"twitter:data1\" content=\"2 minutes\" \/>\n<script type=\"application\/ld+json\" class=\"yoast-schema-graph\">{\"@context\":\"https:\/\/schema.org\",\"@graph\":[{\"@type\":\"WebPage\",\"@id\":\"https:\/\/bamix.be\/fr\/garantie-a-vie\/\",\"url\":\"https:\/\/bamix.be\/fr\/garantie-a-vie\/\",\"name\":\"bamix\u00ae Belgique - Profitez d'une garantie \u00e0 vie\",\"isPartOf\":{\"@id\":\"https:\/\/bamix.be\/#website\"},\"datePublished\":\"2020-11-26T10:09:01+00:00\",\"dateModified\":\"2025-10-20T07:42:08+00:00\",\"description\":\"bamix\u00ae est synonyme de confiance. C'est pourquoi vous b\u00e9n\u00e9ficiez d\u00e9sormais d'une garantie \u00e0 vie \u00e0 l'achat d'un bamix\u00ae SwissLine ou Superbox !\",\"breadcrumb\":{\"@id\":\"https:\/\/bamix.be\/fr\/garantie-a-vie\/#breadcrumb\"},\"inLanguage\":\"fr-FR\",\"potentialAction\":[{\"@type\":\"ReadAction\",\"target\":[\"https:\/\/bamix.be\/fr\/garantie-a-vie\/\"]}]},{\"@type\":\"BreadcrumbList\",\"@id\":\"https:\/\/bamix.be\/fr\/garantie-a-vie\/#breadcrumb\",\"itemListElement\":[{\"@type\":\"ListItem\",\"position\":1,\"name\":\"Home\",\"item\":\"https:\/\/bamix.be\/fr\/\"},{\"@type\":\"ListItem\",\"position\":2,\"name\":\"Garantie \u00e0 vie 2025\"}]},{\"@type\":\"WebSite\",\"@id\":\"https:\/\/bamix.be\/#website\",\"url\":\"https:\/\/bamix.be\/\",\"name\":\"Bamix\",\"description\":\"Laat je inspireren door de mogelijkheden van dit compacte keukenapparaat.\",\"publisher\":{\"@id\":\"https:\/\/bamix.be\/#organization\"},\"potentialAction\":[{\"@type\":\"SearchAction\",\"target\":{\"@type\":\"EntryPoint\",\"urlTemplate\":\"https:\/\/bamix.be\/?s={search_term_string}\"},\"query-input\":\"required name=search_term_string\"}],\"inLanguage\":\"fr-FR\"},{\"@type\":\"Organization\",\"@id\":\"https:\/\/bamix.be\/#organization\",\"name\":\"Bamix Belgium\",\"url\":\"https:\/\/bamix.be\/\",\"logo\":{\"@type\":\"ImageObject\",\"inLanguage\":\"fr-FR\",\"@id\":\"https:\/\/bamix.be\/#\/schema\/logo\/image\/\",\"url\":\"http:\/\/bamixbe.wwwnl1-tr100.supercp.com\/wp-content\/uploads\/2017\/10\/Logo_Nav_01.png\",\"contentUrl\":\"http:\/\/bamixbe.wwwnl1-tr100.supercp.com\/wp-content\/uploads\/2017\/10\/Logo_Nav_01.png\",\"width\":100,\"height\":48,\"caption\":\"Bamix Belgium\"},\"image\":{\"@id\":\"https:\/\/bamix.be\/#\/schema\/logo\/image\/\"},\"sameAs\":[\"https:\/\/www.instagram.com\/bamixbe\",\"http:\/\/www.facebook.com\/bamixbe\"]}]}<\/script>\n<!-- \/ Yoast SEO plugin. -->","yoast_head_json":{"title":"bamix\u00ae Belgique - Profitez d'une garantie \u00e0 vie","description":"bamix\u00ae est synonyme de confiance. C'est pourquoi vous b\u00e9n\u00e9ficiez d\u00e9sormais d'une garantie \u00e0 vie \u00e0 l'achat d'un bamix\u00ae SwissLine ou Superbox !","robots":{"index":"index","follow":"follow","max-snippet":"max-snippet:-1","max-image-preview":"max-image-preview:large","max-video-preview":"max-video-preview:-1"},"canonical":"https:\/\/bamix.be\/fr\/garantie-a-vie\/","og_locale":"fr_FR","og_type":"article","og_title":"bamix\u00ae Belgique - Profitez d'une garantie \u00e0 vie","og_description":"bamix\u00ae est synonyme de confiance. C'est pourquoi vous b\u00e9n\u00e9ficiez d\u00e9sormais d'une garantie \u00e0 vie \u00e0 l'achat d'un bamix\u00ae SwissLine ou Superbox !","og_url":"https:\/\/bamix.be\/fr\/garantie-a-vie\/","og_site_name":"Bamix","article_publisher":"http:\/\/www.facebook.com\/bamixbe","article_modified_time":"2025-10-20T07:42:08+00:00","twitter_card":"summary_large_image","twitter_misc":{"Dur\u00e9e de lecture estim\u00e9e":"2 minutes"},"schema":{"@context":"https:\/\/schema.org","@graph":[{"@type":"WebPage","@id":"https:\/\/bamix.be\/fr\/garantie-a-vie\/","url":"https:\/\/bamix.be\/fr\/garantie-a-vie\/","name":"bamix\u00ae Belgique - Profitez d'une garantie \u00e0 vie","isPartOf":{"@id":"https:\/\/bamix.be\/#website"},"datePublished":"2020-11-26T10:09:01+00:00","dateModified":"2025-10-20T07:42:08+00:00","description":"bamix\u00ae est synonyme de confiance. C'est pourquoi vous b\u00e9n\u00e9ficiez d\u00e9sormais d'une garantie \u00e0 vie \u00e0 l'achat d'un bamix\u00ae SwissLine ou Superbox !","breadcrumb":{"@id":"https:\/\/bamix.be\/fr\/garantie-a-vie\/#breadcrumb"},"inLanguage":"fr-FR","potentialAction":[{"@type":"ReadAction","target":["https:\/\/bamix.be\/fr\/garantie-a-vie\/"]}]},{"@type":"BreadcrumbList","@id":"https:\/\/bamix.be\/fr\/garantie-a-vie\/#breadcrumb","itemListElement":[{"@type":"ListItem","position":1,"name":"Home","item":"https:\/\/bamix.be\/fr\/"},{"@type":"ListItem","position":2,"name":"Garantie \u00e0 vie 2025"}]},{"@type":"WebSite","@id":"https:\/\/bamix.be\/#website","url":"https:\/\/bamix.be\/","name":"Bamix","description":"Laat je inspireren door de mogelijkheden van dit compacte keukenapparaat.","publisher":{"@id":"https:\/\/bamix.be\/#organization"},"potentialAction":[{"@type":"SearchAction","target":{"@type":"EntryPoint","urlTemplate":"https:\/\/bamix.be\/?s={search_term_string}"},"query-input":"required name=search_term_string"}],"inLanguage":"fr-FR"},{"@type":"Organization","@id":"https:\/\/bamix.be\/#organization","name":"Bamix Belgium","url":"https:\/\/bamix.be\/","logo":{"@type":"ImageObject","inLanguage":"fr-FR","@id":"https:\/\/bamix.be\/#\/schema\/logo\/image\/","url":"http:\/\/bamixbe.wwwnl1-tr100.supercp.com\/wp-content\/uploads\/2017\/10\/Logo_Nav_01.png","contentUrl":"http:\/\/bamixbe.wwwnl1-tr100.supercp.com\/wp-content\/uploads\/2017\/10\/Logo_Nav_01.png","width":100,"height":48,"caption":"Bamix Belgium"},"image":{"@id":"https:\/\/bamix.be\/#\/schema\/logo\/image\/"},"sameAs":["https:\/\/www.instagram.com\/bamixbe","http:\/\/www.facebook.com\/bamixbe"]}]}},"_links":{"self":[{"href":"https:\/\/bamix.be\/fr\/wp-json\/wp\/v2\/pages\/7254"}],"collection":[{"href":"https:\/\/bamix.be\/fr\/wp-json\/wp\/v2\/pages"}],"about":[{"href":"https:\/\/bamix.be\/fr\/wp-json\/wp\/v2\/types\/page"}],"author":[{"embeddable":true,"href":"https:\/\/bamix.be\/fr\/wp-json\/wp\/v2\/users\/3"}],"replies":[{"embeddable":true,"href":"https:\/\/bamix.be\/fr\/wp-json\/wp\/v2\/comments?post=7254"}],"version-history":[{"count":10,"href":"https:\/\/bamix.be\/fr\/wp-json\/wp\/v2\/pages\/7254\/revisions"}],"predecessor-version":[{"id":15797,"href":"https:\/\/bamix.be\/fr\/wp-json\/wp\/v2\/pages\/7254\/revisions\/15797"}],"wp:attachment":[{"href":"https:\/\/bamix.be\/fr\/wp-json\/wp\/v2\/media?parent=7254"}],"curies":[{"name":"wp","href":"https:\/\/api.w.org\/{rel}","templated":true}]}}